{"id":63,"date":"2016-01-04T12:18:47","date_gmt":"2016-01-04T12:18:47","guid":{"rendered":"https:\/\/skilthuset2016.wordpress.com\/?page_id=63"},"modified":"2025-06-25T11:44:45","modified_gmt":"2025-06-25T11:44:45","slug":"bil-dekor","status":"publish","type":"page","link":"https:\/\/skilthuset.no\/?page_id=63","title":{"rendered":"Storformatprint"},"content":{"rendered":"<p>Vi produserer og monterer print i storformat, som f.eks. banner, folieprint og tapetprint.<\/p>\n<p>Bannere produseres hovedsaklig enten som pvc-banner (tett) og mesh-banner (perforert) med maljer for oppheng.<\/p>\n<p>Tapetprint kan med fordel produseres som heldekkende print p\u00e5 lerret (uten skj\u00f8ter) i opptil ca. 3 meters h\u00f8yde.<\/p>\n<p><em>We manufacture and mount prints in large sizes, as banners, vinyl print and wallpaper.<\/em><\/p>\n<p><\/p>\n\n\n<div class=\"wp-block-ftg-gallery\"><!-- Final Tiles Grid Gallery for WordPress v3.6.6 free --><style>#ftg-1414 .tile .icon { color:#ffffff; }#ftg-1414 .ftg-items .loading-bar i { background:#666; }#ftg-1414 .ftg-items .loading-bar { background:#fff; }#ftg-1414 .tile .icon { font-size:12px; }#ftg-1414 .tile .icon { margin: -6px 0 0 -6px; }#ftg-1414 .tile .caption-block .text-wrapper span.text { font-size:14px; }#ftg-1414 .tile .caption-outside .text-wrapper span.text { font-size:14px; }#ftg-1414 .tile .caption-block .text-wrapper span.title { font-size:12px; }#ftg-1414 .tile .caption-outside .text-wrapper span.title { font-size:12px; }#ftg-1414 .tile { background-color: transparent; }#ftg-1414 .tile .caption-block .text-wrapper span.text { color: #ffffff; }#ftg-1414 .tile .caption-block .text-wrapper span.title { color: #ffffff; }#ftg-1414 .tile .caption-outside .text-wrapper span.text { color: #ffffff; }#ftg-1414 .tile .caption-outside .text-wrapper span.title { color: #ffffff; }#ftg-1414 .tile .ftg-social a { color: #ffffff; }#ftg-1414 .tile .caption-block { transition-duration:0.25s; }#ftg-1414 .tile .tile-inner:before { background-color: #000000; }#ftg-1414 .tile .tile-inner:before { background-color: rgba(0, 0, 0, 0.4); }#ftg-1414 .tile:hover img {-moz-transform: -moz-rotate(0deg) -moz-scale(0) ;-webkit-transform: -webkit-rotate(0deg) -webkit-scale(0) ;-o-transform: -o-rotate(0deg) -o-scale(0) ;-ms-transform: -ms-rotate(0deg) -ms-scale(0) ;transform: rotate(0deg) scale(0) ;}<\/style><a name=\"14\"><\/a><div class=\"final-tiles-gallery  ftg-hover-enabled caption-inside  caption-none caption-middle caption-center\" id=\"ftg-1414\" style=\"width: 100%\"><div class='ftg-items'><div class='loading-bar'><i><\/i><\/div><div  class='tile ftg-preload  '><a title=\"Mesh-banner festet med elastisk tau\" data-lightbox='ftg-1414' rel='ftg-1414'  class=' tile-inner  ftg-lightbox' href=\"https:\/\/i0.wp.com\/skilthuset.no\/wp-content\/uploads\/2022\/10\/Kunsthallen-banner_LR.jpg?ssl=1\" ><img data-recalc-dims=\"1\" alt='Mesh-banner festet med elastisk tau' class='item skip-lazy' data-class='item' data-ftg-source='https:\/\/skilthuset.no\/wp-content\/uploads\/2022\/10\/Kunsthallen-banner_LR.jpg' src=\"https:\/\/i0.wp.com\/skilthuset.no\/wp-content\/uploads\/2022\/10\/Kunsthallen-banner_LR.jpg?resize=700%2C432&#038;ssl=1\" width=\"700\" height=\"432\" \/><div class='caption-block'><div class='text-wrapper'><span class='text'>Mesh-banner festet med elastisk tau<\/span><\/div><\/div><\/a><div class='ftg-social'><\/div><\/div><div  class='tile ftg-preload  '><a title=\"Transparent folieprint. Design: Aldente kommunikasjonsbyr\u00e5.\" data-lightbox='ftg-1414' rel='ftg-1414'  class=' tile-inner  ftg-lightbox' href=\"https:\/\/i0.wp.com\/skilthuset.no\/wp-content\/uploads\/2019\/02\/Nysn%C3%B8_folieprint_LR.jpg?ssl=1\" ><img data-recalc-dims=\"1\" alt='Transparent folieprint. Design: Aldente kommunikasjonsbyr\u00e5.' class='item skip-lazy' data-class='item' data-ftg-source='https:\/\/skilthuset.no\/wp-content\/uploads\/2019\/02\/Nysn\u00f8_folieprint_LR.jpg' src=\"https:\/\/i0.wp.com\/skilthuset.no\/wp-content\/uploads\/2019\/02\/Nysn%C3%B8_folieprint_LR.jpg?resize=664%2C425&#038;ssl=1\" width=\"664\" height=\"425\" \/><div class='caption-block'><div class='text-wrapper'><span class='text'>Transparent folieprint. Design: Aldente kommunikasjonsbyr\u00e5.<\/span><\/div><\/div><\/a><div class='ftg-social'><\/div><\/div><div  class='tile ftg-preload  '><a title=\"Semi-transparent folieprint p\u00e5 vindu.\" data-lightbox='ftg-1414' rel='ftg-1414'  class=' tile-inner  ftg-lightbox' href=\"https:\/\/i0.wp.com\/skilthuset.no\/wp-content\/uploads\/2022\/02\/Folieprint_Ardor-Company_LR.jpg?ssl=1\" ><img data-recalc-dims=\"1\" alt='Semi-transparent folieprint p\u00e5 vindu.' class='item skip-lazy' data-class='item' data-ftg-source='https:\/\/skilthuset.no\/wp-content\/uploads\/2022\/02\/Folieprint_Ardor-Company_LR.jpg' src=\"https:\/\/i0.wp.com\/skilthuset.no\/wp-content\/uploads\/2022\/02\/Folieprint_Ardor-Company_LR.jpg?resize=700%2C546&#038;ssl=1\" width=\"700\" height=\"546\" \/><div class='caption-block'><div class='text-wrapper'><span class='text'>Semi-transparent folieprint p\u00e5 vindu.<\/span><\/div><\/div><\/a><div class='ftg-social'><\/div><\/div><div  class='tile ftg-preload  '><a title=\"Folieprint p\u00e5 vegg\" data-lightbox='ftg-1414' rel='ftg-1414'  class=' tile-inner  ftg-lightbox' href=\"https:\/\/i0.wp.com\/skilthuset.no\/wp-content\/uploads\/2022\/10\/Folieprint-pa-vegg_Mediegarden_LR.jpg?ssl=1\" ><img data-recalc-dims=\"1\" alt='Folieprint p\u00e5 vegg' class='item skip-lazy' data-class='item' data-ftg-source='https:\/\/skilthuset.no\/wp-content\/uploads\/2022\/10\/Folieprint-pa-vegg_Mediegarden_LR.jpg' src=\"https:\/\/i0.wp.com\/skilthuset.no\/wp-content\/uploads\/2022\/10\/Folieprint-pa-vegg_Mediegarden_LR.jpg?resize=454%2C901&#038;ssl=1\" width=\"454\" height=\"901\" \/><div class='caption-block'><div class='text-wrapper'><span class='text'>Folieprint p\u00e5 vegg<\/span><\/div><\/div><\/a><div class='ftg-social'><\/div><\/div><div  class='tile ftg-preload  '><a title=\"Heldekkende tapetprint\" data-lightbox='ftg-1414' rel='ftg-1414'  class=' tile-inner  ftg-lightbox' href=\"https:\/\/i0.wp.com\/skilthuset.no\/wp-content\/uploads\/2022\/10\/Tapet_PWC_strand_LR.jpg?ssl=1\" ><img data-recalc-dims=\"1\" alt='Heldekkende tapetprint' class='item skip-lazy' data-class='item' data-ftg-source='https:\/\/skilthuset.no\/wp-content\/uploads\/2022\/10\/Tapet_PWC_strand_LR.jpg' src=\"https:\/\/i0.wp.com\/skilthuset.no\/wp-content\/uploads\/2022\/10\/Tapet_PWC_strand_LR.jpg?resize=700%2C436&#038;ssl=1\" width=\"700\" height=\"436\" \/><div class='caption-block'><div class='text-wrapper'><span class='text'>Heldekkende tapetprint<\/span><\/div><\/div><\/a><div class='ftg-social'><\/div><\/div><div  class='tile ftg-preload  '><a title=\"Folieprint med matt laminat.\" data-lightbox='ftg-1414' rel='ftg-1414'  class=' tile-inner  ftg-lightbox' href=\"https:\/\/i0.wp.com\/skilthuset.no\/wp-content\/uploads\/2023\/06\/Folieprint_Vingtor_LR.jpg?ssl=1\" ><img data-recalc-dims=\"1\" alt='Folieprint med matt laminat.' class='item skip-lazy' data-class='item' data-ftg-source='https:\/\/skilthuset.no\/wp-content\/uploads\/2023\/06\/Folieprint_Vingtor_LR.jpg' src=\"https:\/\/i0.wp.com\/skilthuset.no\/wp-content\/uploads\/2023\/06\/Folieprint_Vingtor_LR.jpg?resize=700%2C636&#038;ssl=1\" width=\"700\" height=\"636\" \/><div class='caption-block'><div class='text-wrapper'><span class='text'>Folieprint med matt laminat.<\/span><\/div><\/div><\/a><div class='ftg-social'><\/div><\/div><div  class='tile ftg-preload  '><a title=\"Rollup\" data-lightbox='ftg-1414' rel='ftg-1414'  class=' tile-inner  ftg-lightbox' href=\"https:\/\/i0.wp.com\/skilthuset.no\/wp-content\/uploads\/2022\/10\/Rollup-Skilthuset_LR.jpg?ssl=1\" ><img data-recalc-dims=\"1\" alt='Rollup' class='item skip-lazy' data-class='item' data-ftg-source='https:\/\/skilthuset.no\/wp-content\/uploads\/2022\/10\/Rollup-Skilthuset_LR.jpg' src=\"https:\/\/i0.wp.com\/skilthuset.no\/wp-content\/uploads\/2022\/10\/Rollup-Skilthuset_LR.jpg?resize=454%2C877&#038;ssl=1\" width=\"454\" height=\"877\" \/><div class='caption-block'><div class='text-wrapper'><span class='text'>Rollup<\/span><\/div><\/div><\/a><div class='ftg-social'><\/div><\/div><div  class='tile ftg-preload  '><a title=\"Folieprint med mursteinsmotiv\" data-lightbox='ftg-1414' rel='ftg-1414'  class=' tile-inner  ftg-lightbox' href=\"https:\/\/i0.wp.com\/skilthuset.no\/wp-content\/uploads\/2021\/09\/Murstein-folieprint_LR.jpg?ssl=1\" ><img data-recalc-dims=\"1\" alt='Folieprint med mursteinsmotiv' class='item skip-lazy' data-class='item' data-ftg-source='https:\/\/skilthuset.no\/wp-content\/uploads\/2021\/09\/Murstein-folieprint_LR.jpg' src=\"https:\/\/i0.wp.com\/skilthuset.no\/wp-content\/uploads\/2021\/09\/Murstein-folieprint_LR.jpg?resize=693%2C580&#038;ssl=1\" width=\"693\" height=\"580\" \/><div class='caption-block'><div class='text-wrapper'><span class='text'>Folieprint med mursteinsmotiv<\/span><\/div><\/div><\/a><div class='ftg-social'><\/div><\/div><div  class='tile ftg-preload  '><a title=\"\" data-lightbox='ftg-1414' rel='ftg-1414'  class=' tile-inner  ftg-lightbox' href=\"https:\/\/i0.wp.com\/skilthuset.no\/wp-content\/uploads\/2024\/05\/35aars_merke-1024x1024.jpg?ssl=1\" ><img data-recalc-dims=\"1\" alt='' class='item skip-lazy' data-class='item' data-ftg-source='https:\/\/skilthuset.no\/wp-content\/uploads\/2024\/05\/35aars_merke-1024x1024.jpg' src=\"https:\/\/i0.wp.com\/skilthuset.no\/wp-content\/uploads\/2024\/05\/35aars_merke.jpg?resize=700%2C700&#038;ssl=1\" width=\"700\" height=\"700\" \/><\/a><div class='ftg-social'><\/div><\/div><div  class='tile ftg-preload  '><a title=\"Spesialprodusert mesh-banner\" data-lightbox='ftg-1414' rel='ftg-1414'  class=' tile-inner  ftg-lightbox' href=\"https:\/\/i0.wp.com\/skilthuset.no\/wp-content\/uploads\/2023\/06\/Kunsthallen-banner-2_LR.jpg?ssl=1\" ><img data-recalc-dims=\"1\" alt='Spesialprodusert mesh-banner' class='item skip-lazy' data-class='item' data-ftg-source='https:\/\/skilthuset.no\/wp-content\/uploads\/2023\/06\/Kunsthallen-banner-2_LR.jpg' src=\"https:\/\/i0.wp.com\/skilthuset.no\/wp-content\/uploads\/2023\/06\/Kunsthallen-banner-2_LR.jpg?resize=700%2C471&#038;ssl=1\" width=\"700\" height=\"471\" \/><div class='caption-block'><div class='text-wrapper'><span class='text'>Spesialprodusert mesh-banner<\/span><\/div><\/div><\/a><div class='ftg-social'><\/div><\/div><div  class='tile ftg-preload  '><a title=\"Mesh-banner\" data-lightbox='ftg-1414' rel='ftg-1414'  class=' tile-inner  ftg-lightbox' href=\"https:\/\/i0.wp.com\/skilthuset.no\/wp-content\/uploads\/2021\/09\/Mesh-banner_BISS_LR.jpg?ssl=1\" ><img data-recalc-dims=\"1\" alt='Mesh-banner' class='item skip-lazy' data-class='item' data-ftg-source='https:\/\/skilthuset.no\/wp-content\/uploads\/2021\/09\/Mesh-banner_BISS_LR.jpg' src=\"https:\/\/i0.wp.com\/skilthuset.no\/wp-content\/uploads\/2021\/09\/Mesh-banner_BISS_LR.jpg?resize=452%2C877&#038;ssl=1\" width=\"452\" height=\"877\" \/><div class='caption-block'><div class='text-wrapper'><span class='text'>Mesh-banner<\/span><\/div><\/div><\/a><div class='ftg-social'><\/div><\/div><div  class='tile ftg-preload  '><a title=\"Mesh-banner\" data-lightbox='ftg-1414' rel='ftg-1414'  class=' tile-inner  ftg-lightbox' href=\"https:\/\/i0.wp.com\/skilthuset.no\/wp-content\/uploads\/2025\/02\/Banner_Bate_LR.jpg?ssl=1\" ><img data-recalc-dims=\"1\" alt='Mesh-banner' class='item skip-lazy' data-class='item' data-ftg-source='https:\/\/skilthuset.no\/wp-content\/uploads\/2025\/02\/Banner_Bate_LR.jpg' src=\"https:\/\/i0.wp.com\/skilthuset.no\/wp-content\/uploads\/2025\/02\/Banner_Bate_LR.jpg?resize=700%2C494&#038;ssl=1\" width=\"700\" height=\"494\" \/><div class='caption-block'><div class='text-wrapper'><span class='text'>Mesh-banner<\/span><\/div><\/div><\/a><div class='ftg-social'><\/div><\/div><div  class='tile ftg-preload  '><a title=\"Folieprint p\u00e5 glass\" data-lightbox='ftg-1414' rel='ftg-1414'  class=' tile-inner  ftg-lightbox' href=\"https:\/\/i0.wp.com\/skilthuset.no\/wp-content\/uploads\/2015\/12\/Folieprint-p%C3%A5-glass.png?ssl=1\" ><img data-recalc-dims=\"1\" alt='Folieprint p\u00e5 glass' class='item skip-lazy' data-class='item' data-ftg-source='https:\/\/skilthuset.no\/wp-content\/uploads\/2015\/12\/Folieprint-p\u00e5-glass.png' src=\"https:\/\/i0.wp.com\/skilthuset.no\/wp-content\/uploads\/2015\/12\/Folieprint-p%C3%A5-glass.png?resize=567%2C424&#038;ssl=1\" width=\"567\" height=\"424\" \/><div class='caption-block'><div class='text-wrapper'><span class='text'>Folieprint p\u00e5 glass<\/span><\/div><\/div><\/a><div class='ftg-social'><\/div><\/div><div  class='tile ftg-preload  '><a title=\"Print p\u00e5 metallic folie\" data-lightbox='ftg-1414' rel='ftg-1414'  class=' tile-inner  ftg-lightbox' href=\"https:\/\/i0.wp.com\/skilthuset.no\/wp-content\/uploads\/2015\/12\/Print-p%C3%A5-metallic-folie.jpg?ssl=1\" ><img data-recalc-dims=\"1\" alt='Print p\u00e5 metallic folie' class='item skip-lazy' data-class='item' data-ftg-source='https:\/\/skilthuset.no\/wp-content\/uploads\/2015\/12\/Print-p\u00e5-metallic-folie.jpg' src=\"https:\/\/i0.wp.com\/skilthuset.no\/wp-content\/uploads\/2015\/12\/Print-p%C3%A5-metallic-folie.jpg?resize=567%2C424&#038;ssl=1\" width=\"567\" height=\"424\" \/><div class='caption-block'><div class='text-wrapper'><span class='text'>Print p\u00e5 metallic folie<\/span><\/div><\/div><\/a><div class='ftg-social'><\/div><\/div><div  class='tile ftg-preload  '><a title=\"Folieprint til heisfront\" data-lightbox='ftg-1414' rel='ftg-1414'  class=' tile-inner  ftg-lightbox' href=\"https:\/\/i0.wp.com\/skilthuset.no\/wp-content\/uploads\/2019\/02\/Heis_Kiellandsenteret_folieprint_LR.jpg?ssl=1\" ><img data-recalc-dims=\"1\" alt='Folieprint til heisfront' class='item skip-lazy' data-class='item' data-ftg-source='https:\/\/skilthuset.no\/wp-content\/uploads\/2019\/02\/Heis_Kiellandsenteret_folieprint_LR.jpg' src=\"https:\/\/i0.wp.com\/skilthuset.no\/wp-content\/uploads\/2019\/02\/Heis_Kiellandsenteret_folieprint_LR.jpg?resize=567%2C633&#038;ssl=1\" width=\"567\" height=\"633\" \/><div class='caption-block'><div class='text-wrapper'><span class='text'>Folieprint til heisfront<\/span><\/div><\/div><\/a><div class='ftg-social'><\/div><\/div><div  class='tile ftg-preload  '><a title=\"Heldekkende lerret-tapet uten skj\u00f8ter.\" data-lightbox='ftg-1414' rel='ftg-1414'  class=' tile-inner  ftg-lightbox' href=\"https:\/\/i0.wp.com\/skilthuset.no\/wp-content\/uploads\/2021\/09\/Tapet_PWC_LR.jpg?ssl=1\" ><img data-recalc-dims=\"1\" alt='Heldekkende lerret-tapet uten skj\u00f8ter.' class='item skip-lazy' data-class='item' data-ftg-source='https:\/\/skilthuset.no\/wp-content\/uploads\/2021\/09\/Tapet_PWC_LR.jpg' src=\"https:\/\/i0.wp.com\/skilthuset.no\/wp-content\/uploads\/2021\/09\/Tapet_PWC_LR.jpg?resize=700%2C492&#038;ssl=1\" width=\"700\" height=\"492\" \/><div class='caption-block'><div class='text-wrapper'><span class='text'>Heldekkende lerret-tapet uten skj\u00f8ter.<\/span><\/div><\/div><\/a><div class='ftg-social'><\/div><\/div><\/div><\/div><\/div>\n\n\n\n<p><\/p>\n","protected":false},"excerpt":{"rendered":"<p>Vi produserer og monterer print i storformat, som f.eks. banner, folieprint og tapetprint. Bannere produseres hovedsaklig enten som pvc-banner (tett) og mesh-banner (perforert) med maljer for oppheng. Tapetprint kan med fordel produseres som heldekkende print p\u00e5 lerret (uten skj\u00f8ter) i opptil ca. 3 meters h\u00f8yde. We manufacture and mount prints in large sizes, as banners, &hellip; <a href=\"https:\/\/skilthuset.no\/?page_id=63\" class=\"more-link\">Continue reading <span class=\"screen-reader-text\">Storformatprint<\/span><\/a><\/p>\n","protected":false},"author":1,"featured_media":0,"parent":0,"menu_order":0,"comment_status":"closed","ping_status":"closed","template":"page-templates\/full-width-page.php","meta":{"jetpack_post_was_ever_published":false,"footnotes":""},"class_list":["post-63","page","type-page","status-publish","hentry"],"jetpack_sharing_enabled":false,"jetpack_shortlink":"https:\/\/wp.me\/P7fP3m-11","_links":{"self":[{"href":"https:\/\/skilthuset.no\/index.php?rest_route=\/wp\/v2\/pages\/63","targetHints":{"allow":["GET"]}}],"collection":[{"href":"https:\/\/skilthuset.no\/index.php?rest_route=\/wp\/v2\/pages"}],"about":[{"href":"https:\/\/skilthuset.no\/index.php?rest_route=\/wp\/v2\/types\/page"}],"author":[{"embeddable":true,"href":"https:\/\/skilthuset.no\/index.php?rest_route=\/wp\/v2\/users\/1"}],"replies":[{"embeddable":true,"href":"https:\/\/skilthuset.no\/index.php?rest_route=%2Fwp%2Fv2%2Fcomments&post=63"}],"version-history":[{"count":21,"href":"https:\/\/skilthuset.no\/index.php?rest_route=\/wp\/v2\/pages\/63\/revisions"}],"predecessor-version":[{"id":1236,"href":"https:\/\/skilthuset.no\/index.php?rest_route=\/wp\/v2\/pages\/63\/revisions\/1236"}],"wp:attachment":[{"href":"https:\/\/skilthuset.no\/index.php?rest_route=%2Fwp%2Fv2%2Fmedia&parent=63"}],"curies":[{"name":"wp","href":"https:\/\/api.w.org\/{rel}","templated":true}]}}