{"id":136,"date":"2016-01-13T10:02:23","date_gmt":"2016-01-13T10:02:23","guid":{"rendered":"https:\/\/skilthuset2016.wordpress.com\/?page_id=136"},"modified":"2020-11-19T14:52:23","modified_gmt":"2020-11-19T14:52:23","slug":"spesialproduksjon","status":"publish","type":"page","link":"https:\/\/skilthuset.no\/?page_id=136","title":{"rendered":"Kreativt"},"content":{"rendered":"<p class=\"wpview-selection-before\"><span style=\"color: #000000;\">Vi\u00a0produserer gjerne dekor og skilt utenom det vanlige.<\/span><br \/><span style=\"color: #000000;\"> Ta gjerne kontakt for \u00e5 finne ut om vi kan realisere din id\u00e9.<br \/>Og ta gjerne en titt p\u00e5 bilde-eksemplene under for litt inspirasjon.<\/span><\/p>\n<p class=\"wpview-selection-before\"><span style=\"color: #999999;\"><span style=\"color: #000000;\">Her er for\u00f8vrig noen kortfilmer vi har laget:<\/span><br \/><span style=\"color: #0000ff;\"><a style=\"color: #0000ff;\" href=\"https:\/\/youtu.be\/jlQoamRRkZA\" target=\"_blank\" rel=\"noopener noreferrer\"><span style=\"color: #3366ff;\">&#8211; Montering av frostet folie<\/span><br \/><\/a><\/span><span style=\"color: #3366ff;\"><a style=\"color: #3366ff;\" href=\"https:\/\/youtu.be\/zbwguLgaKHg\" target=\"_blank\" rel=\"noopener noreferrer\">&#8211; Prosessen, Delikatessen (Produksjon og montering av lyskasse-skilt)<br \/><\/a><a style=\"color: #3366ff;\" href=\"https:\/\/youtu.be\/Xj4OY9i30rY\" target=\"_blank\" rel=\"noopener noreferrer\">&#8211;\u00a0Waste of Art (Montering av folie-print)<\/a><\/span><\/span><\/p>\n<p class=\"wpview-selection-before\"><em>We love to design and manufacture\u00a0new stuff!<br \/>Please browse examples below for inspiration.<\/em><\/p>\n\n\n<div class=\"wp-block-ftg-gallery\"><!-- Final Tiles Grid Gallery for WordPress v3.6.6 free --><style>#ftg-1515 .tile .icon { color:#ffffff; }#ftg-1515 .ftg-items .loading-bar i { background:#666; }#ftg-1515 .ftg-items .loading-bar { background:#fff; }#ftg-1515 .tile .icon { font-size:12px; }#ftg-1515 .tile .icon { margin: -6px 0 0 -6px; }#ftg-1515 .tile .caption-block .text-wrapper span.text { font-size:14px; }#ftg-1515 .tile .caption-outside .text-wrapper span.text { font-size:14px; }#ftg-1515 .tile .caption-block .text-wrapper span.title { font-size:12px; }#ftg-1515 .tile .caption-outside .text-wrapper span.title { font-size:12px; }#ftg-1515 .tile { background-color: transparent; }#ftg-1515 .tile .caption-block .text-wrapper span.text { color: #ffffff; }#ftg-1515 .tile .caption-block .text-wrapper span.title { color: #ffffff; }#ftg-1515 .tile .caption-outside .text-wrapper span.text { color: #ffffff; }#ftg-1515 .tile .caption-outside .text-wrapper span.title { color: #ffffff; }#ftg-1515 .tile .ftg-social a { color: #ffffff; }#ftg-1515 .tile .caption-block { transition-duration:0.25s; }#ftg-1515 .tile .tile-inner:before { background-color: #000000; }#ftg-1515 .tile .tile-inner:before { background-color: rgba(0, 0, 0, 0.4); }#ftg-1515 .tile:hover img {-moz-transform: -moz-rotate(0deg) -moz-scale(0) ;-webkit-transform: -webkit-rotate(0deg) -webkit-scale(0) ;-o-transform: -o-rotate(0deg) -o-scale(0) ;-ms-transform: -ms-rotate(0deg) -ms-scale(0) ;transform: rotate(0deg) scale(0) ;}<\/style><a name=\"15\"><\/a><div class=\"final-tiles-gallery  ftg-hover-enabled caption-inside  caption-none caption-middle caption-center\" id=\"ftg-1515\" style=\"width: 100%\"><div class='ftg-items'><div class='loading-bar'><i><\/i><\/div><div  class='tile ftg-preload  '><a title=\"Utfrest hvit akryl-dekor\" data-lightbox='ftg-1515' rel='ftg-1515'  class=' tile-inner  ftg-lightbox' href=\"https:\/\/i0.wp.com\/skilthuset.no\/wp-content\/uploads\/2019\/03\/Utfrest-hvit-akryl-dekor.jpg?ssl=1\" ><img data-recalc-dims=\"1\" alt='Utfrest hvit akryl-dekor' class='item skip-lazy' data-class='item' data-ftg-source='http:\/\/skilthuset.no\/wp-content\/uploads\/2019\/03\/Utfrest-hvit-akryl-dekor.jpg' src=\"https:\/\/i0.wp.com\/skilthuset.no\/wp-content\/uploads\/2019\/03\/Utfrest-hvit-akryl-dekor.jpg?resize=567%2C424\" width=\"567\" height=\"424\" \/><div class='caption-block'><div class='text-wrapper'><span class='text'>Utfrest hvit akryl-dekor<\/span><\/div><\/div><\/a><div class='ftg-social'><\/div><\/div><div  class='tile ftg-preload  '><a title=\"Bate-prisen. Design av Aldente kommunikasjonsbyr\u00e5.\" data-lightbox='ftg-1515' rel='ftg-1515'  class=' tile-inner  ftg-lightbox' href=\"https:\/\/i0.wp.com\/skilthuset.no\/wp-content\/uploads\/2019\/05\/Bate-prisen-2019_LR.jpg?ssl=1\" ><img data-recalc-dims=\"1\" alt='Bate-prisen. Design av Aldente kommunikasjonsbyr\u00e5.' class='item skip-lazy' data-class='item' data-ftg-source='http:\/\/skilthuset.no\/wp-content\/uploads\/2019\/05\/Bate-prisen-2019_LR.jpg' src=\"https:\/\/i0.wp.com\/skilthuset.no\/wp-content\/uploads\/2019\/05\/Bate-prisen-2019_LR.jpg?resize=531%2C709\" width=\"531\" height=\"709\" \/><div class='caption-block'><div class='text-wrapper'><span class='text'>Bate-prisen. Design av Aldente kommunikasjonsbyr\u00e5.<\/span><\/div><\/div><\/a><div class='ftg-social'><\/div><\/div><div  class='tile ftg-preload  '><a title=\"Heldekkende lerret-tapet uten skj\u00f8ter.\" data-lightbox='ftg-1515' rel='ftg-1515'  class=' tile-inner  ftg-lightbox' href=\"https:\/\/i0.wp.com\/skilthuset.no\/wp-content\/uploads\/2021\/09\/Tapet_PWC_LR.jpg?ssl=1\" ><img data-recalc-dims=\"1\" alt='Heldekkende lerret-tapet uten skj\u00f8ter.' class='item skip-lazy' data-class='item' data-ftg-source='http:\/\/skilthuset.no\/wp-content\/uploads\/2021\/09\/Tapet_PWC_LR.jpg' src=\"https:\/\/i0.wp.com\/skilthuset.no\/wp-content\/uploads\/2021\/09\/Tapet_PWC_LR.jpg?resize=700%2C492\" width=\"700\" height=\"492\" \/><div class='caption-block'><div class='text-wrapper'><span class='text'>Heldekkende lerret-tapet uten skj\u00f8ter.<\/span><\/div><\/div><\/a><div class='ftg-social'><\/div><\/div><div  class='tile ftg-preload  '><a title=\"Utfrest treskilt\" data-lightbox='ftg-1515' rel='ftg-1515'  class=' tile-inner  ftg-lightbox' href=\"https:\/\/i0.wp.com\/skilthuset.no\/wp-content\/uploads\/2015\/12\/Treskilt_Bellevue_HR-1024x768.jpg?ssl=1\" ><img data-recalc-dims=\"1\" alt='Utfrest treskilt' class='item skip-lazy' data-class='item' data-ftg-source='http:\/\/skilthuset.no\/wp-content\/uploads\/2015\/12\/Treskilt_Bellevue_HR-1024x768.jpg' src=\"https:\/\/i0.wp.com\/skilthuset.no\/wp-content\/uploads\/2015\/12\/Treskilt_Bellevue_HR-1024x768.jpg?resize=700%2C525\" width=\"700\" height=\"525\" \/><div class='caption-block'><div class='text-wrapper'><span class='text'>Utfrest treskilt<\/span><\/div><\/div><\/a><div class='ftg-social'><\/div><\/div><div  class='tile ftg-preload  '><a title=\"Logo malt med folie-sjablong.\" data-lightbox='ftg-1515' rel='ftg-1515'  class=' tile-inner  ftg-lightbox' href=\"https:\/\/i0.wp.com\/skilthuset.no\/wp-content\/uploads\/2023\/06\/Sjablongmaling_Bravo_LR.jpg?ssl=1\" ><img data-recalc-dims=\"1\" alt='Logo malt med folie-sjablong.' class='item skip-lazy' data-class='item' data-ftg-source='https:\/\/skilthuset.no\/wp-content\/uploads\/2023\/06\/Sjablongmaling_Bravo_LR.jpg' src=\"https:\/\/i0.wp.com\/skilthuset.no\/wp-content\/uploads\/2023\/06\/Sjablongmaling_Bravo_LR.jpg?resize=640%2C854&#038;ssl=1\" width=\"640\" height=\"854\" \/><div class='caption-block'><div class='text-wrapper'><span class='text'>Logo malt med folie-sjablong.<\/span><\/div><\/div><\/a><div class='ftg-social'><\/div><\/div><div  class='tile ftg-preload  '><a title=\"Utfrest i 5mm aluminium, malt av Ingrid TooGood.\" data-lightbox='ftg-1515' rel='ftg-1515'  class=' tile-inner  ftg-lightbox' href=\"https:\/\/i0.wp.com\/skilthuset.no\/wp-content\/uploads\/2022\/03\/Kunst-hender_LR.jpg?ssl=1\" ><img data-recalc-dims=\"1\" alt='Utfrest i 5mm aluminium, malt av Ingrid TooGood.' class='item skip-lazy' data-class='item' data-ftg-source='https:\/\/skilthuset.no\/wp-content\/uploads\/2022\/03\/Kunst-hender_LR.jpg' src=\"https:\/\/i0.wp.com\/skilthuset.no\/wp-content\/uploads\/2022\/03\/Kunst-hender_LR.jpg?resize=700%2C393&#038;ssl=1\" width=\"700\" height=\"393\" \/><div class='caption-block'><div class='text-wrapper'><span class='text'>Utfrest i 5mm aluminium, malt av Ingrid TooGood.<\/span><\/div><\/div><\/a><div class='ftg-social'><\/div><\/div><div  class='tile ftg-preload  '><a title=\"Treskilt, beiset og utfrest\" data-lightbox='ftg-1515' rel='ftg-1515'  class=' tile-inner  ftg-lightbox' href=\"https:\/\/i0.wp.com\/skilthuset.no\/wp-content\/uploads\/2019\/02\/Solgata_treskilt_LR.jpg?ssl=1\" ><img data-recalc-dims=\"1\" alt='Treskilt, beiset og utfrest' class='item skip-lazy' data-class='item' data-ftg-source='http:\/\/skilthuset.no\/wp-content\/uploads\/2019\/02\/Solgata_treskilt_LR.jpg' src=\"https:\/\/i0.wp.com\/skilthuset.no\/wp-content\/uploads\/2019\/02\/Solgata_treskilt_LR.jpg?resize=700%2C525\" width=\"700\" height=\"525\" \/><div class='caption-block'><div class='text-wrapper'><span class='text'>Treskilt, beiset og utfrest<\/span><\/div><\/div><\/a><div class='ftg-social'><\/div><\/div><div  class='tile ftg-preload  '><a title=\"Spesialkonstruert paraply-stativ\" data-lightbox='ftg-1515' rel='ftg-1515'  class=' tile-inner  ftg-lightbox' href=\"https:\/\/i0.wp.com\/skilthuset.no\/wp-content\/uploads\/2016\/01\/Paraply-stativ.jpg?ssl=1\" ><img data-recalc-dims=\"1\" alt='Spesialkonstruert paraply-stativ' class='item skip-lazy' data-class='item' data-ftg-source='http:\/\/skilthuset.no\/wp-content\/uploads\/2016\/01\/Paraply-stativ.jpg' src=\"https:\/\/i0.wp.com\/skilthuset.no\/wp-content\/uploads\/2016\/01\/Paraply-stativ.jpg?resize=567%2C756\" width=\"567\" height=\"756\" \/><div class='caption-block'><div class='text-wrapper'><span class='text'>Spesialkonstruert paraply-stativ<\/span><\/div><\/div><\/a><div class='ftg-social'><\/div><\/div><div  class='tile ftg-preload  '><a title=\"Klar akryl med folie-dekor\" data-lightbox='ftg-1515' rel='ftg-1515'  class=' tile-inner  ftg-lightbox' href=\"https:\/\/i0.wp.com\/skilthuset.no\/wp-content\/uploads\/2015\/12\/Skillevegg-i-akryl.jpg?ssl=1\" ><img data-recalc-dims=\"1\" alt='Klar akryl med folie-dekor' class='item skip-lazy' data-class='item' data-ftg-source='http:\/\/skilthuset.no\/wp-content\/uploads\/2015\/12\/Skillevegg-i-akryl.jpg' src=\"https:\/\/i0.wp.com\/skilthuset.no\/wp-content\/uploads\/2015\/12\/Skillevegg-i-akryl.jpg?resize=567%2C424\" width=\"567\" height=\"424\" \/><div class='caption-block'><div class='text-wrapper'><span class='text'>Klar akryl med folie-dekor<\/span><\/div><\/div><\/a><div class='ftg-social'><\/div><\/div><div  class='tile ftg-preload  '><a title=\"Spesialprodusert monter\" data-lightbox='ftg-1515' rel='ftg-1515'  class=' tile-inner  ftg-lightbox' href=\"https:\/\/i0.wp.com\/skilthuset.no\/wp-content\/uploads\/2022\/03\/Monter_gult_LR.jpg?ssl=1\" ><img data-recalc-dims=\"1\" alt='Spesialprodusert monter' class='item skip-lazy' data-class='item' data-ftg-source='https:\/\/skilthuset.no\/wp-content\/uploads\/2022\/03\/Monter_gult_LR.jpg' src=\"https:\/\/i0.wp.com\/skilthuset.no\/wp-content\/uploads\/2022\/03\/Monter_gult_LR.jpg?resize=595%2C661&#038;ssl=1\" width=\"595\" height=\"661\" \/><div class='caption-block'><div class='text-wrapper'><span class='text'>Spesialprodusert monter<\/span><\/div><\/div><\/a><div class='ftg-social'><\/div><\/div><div  class='tile ftg-preload  '><a title=\"Lysskilt utfrest i plast\" data-lightbox='ftg-1515' rel='ftg-1515'  class=' tile-inner  ftg-lightbox' href=\"https:\/\/i0.wp.com\/skilthuset.no\/wp-content\/uploads\/2016\/01\/Lys-i-akryl.jpg?ssl=1\" ><img data-recalc-dims=\"1\" alt='Lysskilt utfrest i plast' class='item skip-lazy' data-class='item' data-ftg-source='http:\/\/skilthuset.no\/wp-content\/uploads\/2016\/01\/Lys-i-akryl.jpg' src=\"https:\/\/i0.wp.com\/skilthuset.no\/wp-content\/uploads\/2016\/01\/Lys-i-akryl.jpg?resize=567%2C425\" width=\"567\" height=\"425\" \/><div class='caption-block'><div class='text-wrapper'><span class='text'>Lysskilt utfrest i plast<\/span><\/div><\/div><\/a><div class='ftg-social'><\/div><\/div><div  class='tile ftg-preload  '><a title=\"Stumtjener utfrest i mdf\" data-lightbox='ftg-1515' rel='ftg-1515'  class=' tile-inner  ftg-lightbox' href=\"https:\/\/i0.wp.com\/skilthuset.no\/wp-content\/uploads\/2016\/01\/Utfrest-stumtjener.jpg?ssl=1\" ><img data-recalc-dims=\"1\" alt='Stumtjener utfrest i mdf' class='item skip-lazy' data-class='item' data-ftg-source='http:\/\/skilthuset.no\/wp-content\/uploads\/2016\/01\/Utfrest-stumtjener.jpg' src=\"https:\/\/i0.wp.com\/skilthuset.no\/wp-content\/uploads\/2016\/01\/Utfrest-stumtjener.jpg?resize=567%2C756\" width=\"567\" height=\"756\" \/><div class='caption-block'><div class='text-wrapper'><span class='text'>Stumtjener utfrest i mdf<\/span><\/div><\/div><\/a><div class='ftg-social'><\/div><\/div><div  class='tile ftg-preload  '><a title=\"Spesialprodusert lykkehjul for Sirkus Renaa\" data-lightbox='ftg-1515' rel='ftg-1515'  class=' tile-inner  ftg-lightbox' href=\"https:\/\/i0.wp.com\/skilthuset.no\/wp-content\/uploads\/2020\/12\/Lykkehjul_LR.jpg?ssl=1\" ><img data-recalc-dims=\"1\" alt='Spesialprodusert lykkehjul for Sirkus Renaa' class='item skip-lazy' data-class='item' data-ftg-source='http:\/\/skilthuset.no\/wp-content\/uploads\/2020\/12\/Lykkehjul_LR.jpg' src=\"https:\/\/i0.wp.com\/skilthuset.no\/wp-content\/uploads\/2020\/12\/Lykkehjul_LR.jpg?resize=510%2C804\" width=\"510\" height=\"804\" \/><div class='caption-block'><div class='text-wrapper'><span class='text'>Spesialprodusert lykkehjul for Sirkus Renaa<\/span><\/div><\/div><\/a><div class='ftg-social'><\/div><\/div><div  class='tile ftg-preload  '><a title=\"Bakbelyst treskilt med trinnl\u00f8s dimming\" data-lightbox='ftg-1515' rel='ftg-1515'  class=' tile-inner  ftg-lightbox' href=\"https:\/\/i0.wp.com\/skilthuset.no\/wp-content\/uploads\/2022\/03\/Okse_bakbelyst-treskilt_LR.jpg?ssl=1\" ><img data-recalc-dims=\"1\" alt='Bakbelyst treskilt med trinnl\u00f8s dimming' class='item skip-lazy' data-class='item' data-ftg-source='https:\/\/skilthuset.no\/wp-content\/uploads\/2022\/03\/Okse_bakbelyst-treskilt_LR.jpg' src=\"https:\/\/i0.wp.com\/skilthuset.no\/wp-content\/uploads\/2022\/03\/Okse_bakbelyst-treskilt_LR.jpg?resize=700%2C553&#038;ssl=1\" width=\"700\" height=\"553\" \/><div class='caption-block'><div class='text-wrapper'><span class='text'>Bakbelyst treskilt med trinnl\u00f8s dimming<\/span><\/div><\/div><\/a><div class='ftg-social'><\/div><\/div><div  class='tile ftg-preload  '><a title=\"Bokstav i gress\" data-lightbox='ftg-1515' rel='ftg-1515'  class=' tile-inner  ftg-lightbox' href=\"https:\/\/i0.wp.com\/skilthuset.no\/wp-content\/uploads\/2015\/12\/Aftenbladet-i-gress.jpg?ssl=1\" ><img data-recalc-dims=\"1\" alt='Bokstav i gress' class='item skip-lazy' data-class='item' data-ftg-source='http:\/\/skilthuset.no\/wp-content\/uploads\/2015\/12\/Aftenbladet-i-gress.jpg' src=\"https:\/\/i0.wp.com\/skilthuset.no\/wp-content\/uploads\/2015\/12\/Aftenbladet-i-gress.jpg?resize=567%2C670\" width=\"567\" height=\"670\" \/><div class='caption-block'><div class='text-wrapper'><span class='text'>Bokstav i gress<\/span><\/div><\/div><\/a><div class='ftg-social'><\/div><\/div><div  class='tile ftg-preload  '><a title=\"\" data-lightbox='ftg-1515' rel='ftg-1515'  class=' tile-inner  ftg-lightbox' href=\"https:\/\/i0.wp.com\/skilthuset.no\/wp-content\/uploads\/2024\/05\/35aars_merke-1024x1024.jpg?ssl=1\" ><img data-recalc-dims=\"1\" alt='' class='item skip-lazy' data-class='item' data-ftg-source='https:\/\/skilthuset.no\/wp-content\/uploads\/2024\/05\/35aars_merke-1024x1024.jpg' src=\"https:\/\/i0.wp.com\/skilthuset.no\/wp-content\/uploads\/2024\/05\/35aars_merke.jpg?resize=700%2C700&#038;ssl=1\" width=\"700\" height=\"700\" \/><\/a><div class='ftg-social'><\/div><\/div><div  class='tile ftg-preload  '><a title=\"Logo-elementer i malt pvc\" data-lightbox='ftg-1515' rel='ftg-1515'  class=' tile-inner  ftg-lightbox' href=\"https:\/\/i0.wp.com\/skilthuset.no\/wp-content\/uploads\/2015\/12\/J%C3%A6ren-Sparebank-1.jpg?ssl=1\" ><img data-recalc-dims=\"1\" alt='Logo-elementer i malt pvc' class='item skip-lazy' data-class='item' data-ftg-source='http:\/\/skilthuset.no\/wp-content\/uploads\/2015\/12\/J\u00e6ren-Sparebank-1.jpg' src=\"https:\/\/i0.wp.com\/skilthuset.no\/wp-content\/uploads\/2015\/12\/J%C3%A6ren-Sparebank-1.jpg?resize=567%2C425\" width=\"567\" height=\"425\" \/><div class='caption-block'><div class='text-wrapper'><span class='text'>Logo-elementer i malt pvc<\/span><\/div><\/div><\/a><div class='ftg-social'><\/div><\/div><div  class='tile ftg-preload  '><a title=\"Spesialprodusert retningsskilt for Sirkus Renaa\" data-lightbox='ftg-1515' rel='ftg-1515'  class=' tile-inner  ftg-lightbox' href=\"https:\/\/i0.wp.com\/skilthuset.no\/wp-content\/uploads\/2020\/12\/Retningsskilt_LR.jpg?ssl=1\" ><img data-recalc-dims=\"1\" alt='Spesialprodusert retningsskilt for Sirkus Renaa' class='item skip-lazy' data-class='item' data-ftg-source='http:\/\/skilthuset.no\/wp-content\/uploads\/2020\/12\/Retningsskilt_LR.jpg' src=\"https:\/\/i0.wp.com\/skilthuset.no\/wp-content\/uploads\/2020\/12\/Retningsskilt_LR.jpg?resize=567%2C756\" width=\"567\" height=\"756\" \/><div class='caption-block'><div class='text-wrapper'><span class='text'>Spesialprodusert retningsskilt for Sirkus Renaa<\/span><\/div><\/div><\/a><div class='ftg-social'><\/div><\/div><div  class='tile ftg-preload  '><a title=\"Magnetisk puslespill, Naturvernforbundet. Id\u00e9: Lasse Norlemann Mathiesen. L\u00f8sning: Skilthuset AS\" data-lightbox='ftg-1515' rel='ftg-1515'  class=' tile-inner  ftg-lightbox' href=\"https:\/\/i0.wp.com\/skilthuset.no\/wp-content\/uploads\/2020\/09\/Puslespill-1_Naturvernforbundet_LR.jpg?ssl=1\" ><img data-recalc-dims=\"1\" alt='Magnetisk puslespill, Naturvernforbundet. Id\u00e9: Lasse Norlemann Mathiesen. L\u00f8sning: Skilthuset AS' class='item skip-lazy' data-class='item' data-ftg-source='http:\/\/skilthuset.no\/wp-content\/uploads\/2020\/09\/Puslespill-1_Naturvernforbundet_LR.jpg' src=\"https:\/\/i0.wp.com\/skilthuset.no\/wp-content\/uploads\/2020\/09\/Puslespill-1_Naturvernforbundet_LR.jpg?resize=685%2C498\" width=\"685\" height=\"498\" \/><div class='caption-block'><div class='text-wrapper'><span class='text'>Magnetisk puslespill, Naturvernforbundet. Id\u00e9: Lasse Norlemann Mathiesen. L\u00f8sning: Skilthuset AS<\/span><\/div><\/div><\/a><div class='ftg-social'><\/div><\/div><div  class='tile ftg-preload  '><a title=\"Treskilt, utfrest og malt\" data-lightbox='ftg-1515' rel='ftg-1515'  class=' tile-inner  ftg-lightbox' href=\"https:\/\/i0.wp.com\/skilthuset.no\/wp-content\/uploads\/2019\/02\/Treskilt_LR.jpg?ssl=1\" ><img data-recalc-dims=\"1\" alt='Treskilt, utfrest og malt' class='item skip-lazy' data-class='item' data-ftg-source='http:\/\/skilthuset.no\/wp-content\/uploads\/2019\/02\/Treskilt_LR.jpg' src=\"https:\/\/i0.wp.com\/skilthuset.no\/wp-content\/uploads\/2019\/02\/Treskilt_LR.jpg?resize=567%2C756\" width=\"567\" height=\"756\" \/><div class='caption-block'><div class='text-wrapper'><span class='text'>Treskilt, utfrest og malt<\/span><\/div><\/div><\/a><div class='ftg-social'><\/div><\/div><\/div><\/div><\/div>\n\n\n\n<p><\/p>\n","protected":false},"excerpt":{"rendered":"<p>Vi\u00a0produserer gjerne dekor og skilt utenom det vanlige. Ta gjerne kontakt for \u00e5 finne ut om vi kan realisere din id\u00e9.Og ta gjerne en titt p\u00e5 bilde-eksemplene under for litt inspirasjon. Her er for\u00f8vrig noen kortfilmer vi har laget:&#8211; Montering av frostet folie&#8211; Prosessen, Delikatessen (Produksjon og montering av lyskasse-skilt)&#8211;\u00a0Waste of Art (Montering av folie-print) &hellip; <a href=\"https:\/\/skilthuset.no\/?page_id=136\" class=\"more-link\">Continue reading <span class=\"screen-reader-text\">Kreativt<\/span><\/a><\/p>\n","protected":false},"author":1,"featured_media":0,"parent":0,"menu_order":0,"comment_status":"closed","ping_status":"closed","template":"page-templates\/full-width-page.php","meta":{"jetpack_post_was_ever_published":false,"footnotes":""},"class_list":["post-136","page","type-page","status-publish","hentry"],"jetpack_sharing_enabled":false,"jetpack_shortlink":"https:\/\/wp.me\/P7fP3m-2c","_links":{"self":[{"href":"https:\/\/skilthuset.no\/index.php?rest_route=\/wp\/v2\/pages\/136","targetHints":{"allow":["GET"]}}],"collection":[{"href":"https:\/\/skilthuset.no\/index.php?rest_route=\/wp\/v2\/pages"}],"about":[{"href":"https:\/\/skilthuset.no\/index.php?rest_route=\/wp\/v2\/types\/page"}],"author":[{"embeddable":true,"href":"https:\/\/skilthuset.no\/index.php?rest_route=\/wp\/v2\/users\/1"}],"replies":[{"embeddable":true,"href":"https:\/\/skilthuset.no\/index.php?rest_route=%2Fwp%2Fv2%2Fcomments&post=136"}],"version-history":[{"count":23,"href":"https:\/\/skilthuset.no\/index.php?rest_route=\/wp\/v2\/pages\/136\/revisions"}],"predecessor-version":[{"id":990,"href":"https:\/\/skilthuset.no\/index.php?rest_route=\/wp\/v2\/pages\/136\/revisions\/990"}],"wp:attachment":[{"href":"https:\/\/skilthuset.no\/index.php?rest_route=%2Fwp%2Fv2%2Fmedia&parent=136"}],"curies":[{"name":"wp","href":"https:\/\/api.w.org\/{rel}","templated":true}]}}